{"id":423,"date":"2024-11-11T15:49:31","date_gmt":"2024-11-11T15:49:31","guid":{"rendered":"https:\/\/enlosojosdelanteojos.com\/?page_id=423"},"modified":"2025-06-12T22:25:14","modified_gmt":"2025-06-12T22:25:14","slug":"home-pagina-de-inicio","status":"publish","type":"page","link":"https:\/\/enlosojosdelanteojos.com\/index.php\/home-pagina-de-inicio\/","title":{"rendered":"Siembra de arboles"},"content":{"rendered":"\t\t<div data-elementor-type=\"wp-page\" data-elementor-id=\"423\" class=\"elementor elementor-423\" data-elementor-post-type=\"page\">\n\t\t\t\t\t\t<section class=\"elementor-section elementor-top-section elementor-element elementor-element-44c9b70 elementor-section-boxed elementor-section-height-default elementor-section-height-default\" data-id=\"44c9b70\" data-element_type=\"section\" data-e-type=\"section\">\n\t\t\t\t\t\t<div class=\"elementor-container elementor-column-gap-default\">\n\t\t\t\t\t<div class=\"elementor-column elementor-col-100 elementor-top-column elementor-element elementor-element-88aa9e7\" data-id=\"88aa9e7\" data-element_type=\"column\" data-e-type=\"column\">\n\t\t\t<div class=\"elementor-widget-wrap elementor-element-populated\">\n\t\t\t\t\t\t<div class=\"elementor-element elementor-element-8684d31 elementor-widget elementor-widget-text-editor\" data-id=\"8684d31\" data-element_type=\"widget\" data-e-type=\"widget\" data-widget_type=\"text-editor.default\">\n\t\t\t\t<div class=\"elementor-widget-container\">\n\t\t\t\t\t\t\t\t\t<h1 style=\"text-align: center;\"><strong><span style=\"color: #000000;\">En Construcci\u00f3n&#8230;<\/span><\/strong><\/h1>\t\t\t\t\t\t\t\t<\/div>\n\t\t\t\t<\/div>\n\t\t\t\t\t<\/div>\n\t\t<\/div>\n\t\t\t\t\t<\/div>\n\t\t<\/section>\n\t\t\t\t<section class=\"elementor-section elementor-top-section elementor-element elementor-element-3943901 elementor-section-boxed elementor-section-height-default elementor-section-height-default\" data-id=\"3943901\" data-element_type=\"section\" data-e-type=\"section\">\n\t\t\t\t\t\t<div class=\"elementor-container elementor-column-gap-default\">\n\t\t\t\t\t<div class=\"elementor-column elementor-col-100 elementor-top-column elementor-element elementor-element-fec4428\" data-id=\"fec4428\" data-element_type=\"column\" data-e-type=\"column\">\n\t\t\t<div class=\"elementor-widget-wrap elementor-element-populated\">\n\t\t\t\t\t\t<div class=\"elementor-element elementor-element-9a56bcc elementor-widget elementor-widget-heading\" data-id=\"9a56bcc\" data-element_type=\"widget\" data-e-type=\"widget\" data-widget_type=\"heading.default\">\n\t\t\t\t<div class=\"elementor-widget-container\">\n\t\t\t\t\t<h2 class=\"elementor-heading-title elementor-size-default\">\u00bfSabes que plantando un \u00e1rbol, puedes frenar la escases del agua y compensas tu huella de carbono?<\/h2>\t\t\t\t<\/div>\n\t\t\t\t<\/div>\n\t\t\t\t\t<\/div>\n\t\t<\/div>\n\t\t\t\t\t<\/div>\n\t\t<\/section>\n\t\t\t\t<section class=\"elementor-section elementor-top-section elementor-element elementor-element-6cae9d5 elementor-section-boxed elementor-section-height-default elementor-section-height-default\" data-id=\"6cae9d5\" data-element_type=\"section\" data-e-type=\"section\">\n\t\t\t\t\t\t<div class=\"elementor-container elementor-column-gap-default\">\n\t\t\t\t\t<div class=\"elementor-column elementor-col-50 elementor-top-column elementor-element elementor-element-3eff859\" data-id=\"3eff859\" data-element_type=\"column\" data-e-type=\"column\">\n\t\t\t<div class=\"elementor-widget-wrap elementor-element-populated\">\n\t\t\t\t\t\t<div class=\"elementor-element elementor-element-e53660d elementor-widget elementor-widget-button\" data-id=\"e53660d\" data-element_type=\"widget\" data-e-type=\"widget\" data-widget_type=\"button.default\">\n\t\t\t\t<div class=\"elementor-widget-container\">\n\t\t\t\t\t\t\t\t\t<div class=\"elementor-button-wrapper\">\n\t\t\t\t\t<a class=\"elementor-button elementor-button-link elementor-size-sm\" href=\"#\">\n\t\t\t\t\t\t<span class=\"elementor-button-content-wrapper\">\n\t\t\t\t\t\t\t\t\t<span class=\"elementor-button-text\">Quiero conocer m\u00e1s<\/span>\n\t\t\t\t\t<\/span>\n\t\t\t\t\t<\/a>\n\t\t\t\t<\/div>\n\t\t\t\t\t\t\t\t<\/div>\n\t\t\t\t<\/div>\n\t\t\t\t\t<\/div>\n\t\t<\/div>\n\t\t\t\t<div class=\"elementor-column elementor-col-50 elementor-top-column elementor-element elementor-element-cc55fd5\" data-id=\"cc55fd5\" data-element_type=\"column\" data-e-type=\"column\">\n\t\t\t<div class=\"elementor-widget-wrap elementor-element-populated\">\n\t\t\t\t\t\t<div class=\"elementor-element elementor-element-0d0709e elementor-widget__width-initial elementor-widget elementor-widget-button\" data-id=\"0d0709e\" data-element_type=\"widget\" data-e-type=\"widget\" data-widget_type=\"button.default\">\n\t\t\t\t<div class=\"elementor-widget-container\">\n\t\t\t\t\t\t\t\t\t<div class=\"elementor-button-wrapper\">\n\t\t\t\t\t<a class=\"elementor-button elementor-button-link elementor-size-sm\" href=\"#\">\n\t\t\t\t\t\t<span class=\"elementor-button-content-wrapper\">\n\t\t\t\t\t\t\t\t\t<span class=\"elementor-button-text\">Me gustar\u00eda participar<\/span>\n\t\t\t\t\t<\/span>\n\t\t\t\t\t<\/a>\n\t\t\t\t<\/div>\n\t\t\t\t\t\t\t\t<\/div>\n\t\t\t\t<\/div>\n\t\t\t\t\t<\/div>\n\t\t<\/div>\n\t\t\t\t\t<\/div>\n\t\t<\/section>\n\t\t\t\t<section class=\"elementor-section elementor-top-section elementor-element elementor-element-2c6a381 elementor-section-boxed elementor-section-height-default elementor-section-height-default\" data-id=\"2c6a381\" data-element_type=\"section\" data-e-type=\"section\">\n\t\t\t\t\t\t<div class=\"elementor-container elementor-column-gap-default\">\n\t\t\t\t\t<div class=\"elementor-column elementor-col-100 elementor-top-column elementor-element elementor-element-4166bd8\" data-id=\"4166bd8\" data-element_type=\"column\" data-e-type=\"column\">\n\t\t\t<div class=\"elementor-widget-wrap elementor-element-populated\">\n\t\t\t\t\t\t<div class=\"elementor-element elementor-element-ea5b9a6 elementor-widget__width-initial elementor-widget elementor-widget-image\" data-id=\"ea5b9a6\" data-element_type=\"widget\" data-e-type=\"widget\" data-widget_type=\"image.default\">\n\t\t\t\t<div class=\"elementor-widget-container\">\n\t\t\t\t\t\t\t\t\t\t\t\t\t\t\t<img fetchpriority=\"high\" decoding=\"async\" width=\"576\" height=\"1024\" src=\"https:\/\/enlosojosdelanteojos.com\/wp-content\/uploads\/2023\/10\/WhatsApp-Image-2023-10-23-at-4.59.18-PM-1-576x1024.jpeg\" class=\"attachment-large size-large wp-image-234\" alt=\"\" srcset=\"https:\/\/enlosojosdelanteojos.com\/wp-content\/uploads\/2023\/10\/WhatsApp-Image-2023-10-23-at-4.59.18-PM-1-576x1024.jpeg 576w, https:\/\/enlosojosdelanteojos.com\/wp-content\/uploads\/2023\/10\/WhatsApp-Image-2023-10-23-at-4.59.18-PM-1-169x300.jpeg 169w, https:\/\/enlosojosdelanteojos.com\/wp-content\/uploads\/2023\/10\/WhatsApp-Image-2023-10-23-at-4.59.18-PM-1-768x1365.jpeg 768w, https:\/\/enlosojosdelanteojos.com\/wp-content\/uploads\/2023\/10\/WhatsApp-Image-2023-10-23-at-4.59.18-PM-1-864x1536.jpeg 864w, https:\/\/enlosojosdelanteojos.com\/wp-content\/uploads\/2023\/10\/WhatsApp-Image-2023-10-23-at-4.59.18-PM-1.jpeg 900w\" sizes=\"(max-width: 576px) 100vw, 576px\" \/>\t\t\t\t\t\t\t\t\t\t\t\t\t\t\t<\/div>\n\t\t\t\t<\/div>\n\t\t\t\t\t<\/div>\n\t\t<\/div>\n\t\t\t\t\t<\/div>\n\t\t<\/section>\n\t\t\t\t<section class=\"elementor-section elementor-top-section elementor-element elementor-element-d028fe8 elementor-section-boxed elementor-section-height-default elementor-section-height-default\" data-id=\"d028fe8\" data-element_type=\"section\" data-e-type=\"section\">\n\t\t\t\t\t\t<div class=\"elementor-container elementor-column-gap-default\">\n\t\t\t\t\t<div class=\"elementor-column elementor-col-100 elementor-top-column elementor-element elementor-element-191c552\" data-id=\"191c552\" data-element_type=\"column\" data-e-type=\"column\">\n\t\t\t<div class=\"elementor-widget-wrap elementor-element-populated\">\n\t\t\t\t\t\t\t<\/div>\n\t\t<\/div>\n\t\t\t\t\t<\/div>\n\t\t<\/section>\n\t\t\t\t<section class=\"elementor-section elementor-top-section elementor-element elementor-element-28f2124 elementor-section-boxed elementor-section-height-default elementor-section-height-default\" data-id=\"28f2124\" data-element_type=\"section\" data-e-type=\"section\">\n\t\t\t\t\t\t<div class=\"elementor-container elementor-column-gap-default\">\n\t\t\t\t\t<div class=\"elementor-column elementor-col-50 elementor-top-column elementor-element elementor-element-fbbda3b\" data-id=\"fbbda3b\" data-element_type=\"column\" data-e-type=\"column\">\n\t\t\t<div class=\"elementor-widget-wrap elementor-element-populated\">\n\t\t\t\t\t\t<div class=\"elementor-element elementor-element-4d8fd80 elementor-widget elementor-widget-text-editor\" data-id=\"4d8fd80\" data-element_type=\"widget\" data-e-type=\"widget\" data-widget_type=\"text-editor.default\">\n\t\t\t\t<div class=\"elementor-widget-container\">\n\t\t\t\t\t\t\t\t\t<p>En los ojos del anteojos, es una actividad divertida, fresca, generosa. Una experiencia con la naturaleza y la regeneraci\u00f3n en donde las personas se conectan por medio de la plantaci\u00f3n de u \u00e1rbol nativo en la regi\u00f3n de Bogot\u00e1 y cundinamarca\u00a0<\/p>\t\t\t\t\t\t\t\t<\/div>\n\t\t\t\t<\/div>\n\t\t\t\t\t<\/div>\n\t\t<\/div>\n\t\t\t\t<div class=\"elementor-column elementor-col-50 elementor-top-column elementor-element elementor-element-2bbe647\" data-id=\"2bbe647\" data-element_type=\"column\" data-e-type=\"column\">\n\t\t\t<div class=\"elementor-widget-wrap elementor-element-populated\">\n\t\t\t\t\t\t<div class=\"elementor-element elementor-element-bad045b elementor-widget elementor-widget-heading\" data-id=\"bad045b\" data-element_type=\"widget\" data-e-type=\"widget\" data-widget_type=\"heading.default\">\n\t\t\t\t<div class=\"elementor-widget-container\">\n\t\t\t\t\t<h2 class=\"elementor-heading-title elementor-size-default\">Utilizamos el poder transformador del turismo, para renovar la cosmovisi\u00f3n de la comunidad y del turista y moldear nuevos agentes de cambio.  <\/h2>\t\t\t\t<\/div>\n\t\t\t\t<\/div>\n\t\t\t\t\t<\/div>\n\t\t<\/div>\n\t\t\t\t\t<\/div>\n\t\t<\/section>\n\t\t\t\t<section class=\"elementor-section elementor-top-section elementor-element elementor-element-ac06b00 elementor-section-boxed elementor-section-height-default elementor-section-height-default\" data-id=\"ac06b00\" data-element_type=\"section\" data-e-type=\"section\">\n\t\t\t\t\t\t<div class=\"elementor-container elementor-column-gap-default\">\n\t\t\t\t\t<div class=\"elementor-column elementor-col-100 elementor-top-column elementor-element elementor-element-35c969b\" data-id=\"35c969b\" data-element_type=\"column\" data-e-type=\"column\">\n\t\t\t<div class=\"elementor-widget-wrap elementor-element-populated\">\n\t\t\t\t\t\t\t<\/div>\n\t\t<\/div>\n\t\t\t\t\t<\/div>\n\t\t<\/section>\n\t\t\t\t<section class=\"elementor-section elementor-top-section elementor-element elementor-element-01ab1fb elementor-section-boxed elementor-section-height-default elementor-section-height-default\" data-id=\"01ab1fb\" data-element_type=\"section\" data-e-type=\"section\">\n\t\t\t\t\t\t<div class=\"elementor-container elementor-column-gap-default\">\n\t\t\t\t\t<div class=\"elementor-column elementor-col-100 elementor-top-column elementor-element elementor-element-9c7de20\" data-id=\"9c7de20\" data-element_type=\"column\" data-e-type=\"column\">\n\t\t\t<div class=\"elementor-widget-wrap elementor-element-populated\">\n\t\t\t\t\t\t<div class=\"elementor-element elementor-element-b9b065e elementor--h-position-center elementor--v-position-middle elementor-arrows-position-inside elementor-pagination-position-inside elementor-widget elementor-widget-slides\" data-id=\"b9b065e\" data-element_type=\"widget\" data-e-type=\"widget\" data-settings=\"{&quot;navigation&quot;:&quot;both&quot;,&quot;autoplay&quot;:&quot;yes&quot;,&quot;pause_on_hover&quot;:&quot;yes&quot;,&quot;pause_on_interaction&quot;:&quot;yes&quot;,&quot;autoplay_speed&quot;:5000,&quot;infinite&quot;:&quot;yes&quot;,&quot;transition&quot;:&quot;slide&quot;,&quot;transition_speed&quot;:500}\" data-widget_type=\"slides.default\">\n\t\t\t\t<div class=\"elementor-widget-container\">\n\t\t\t\t\t\t\t\t\t<div class=\"elementor-swiper\">\n\t\t\t\t\t<div class=\"elementor-slides-wrapper elementor-main-swiper swiper\" role=\"region\" aria-roledescription=\"carousel\" aria-label=\"Slides\" dir=\"ltr\" data-animation=\"fadeInUp\">\n\t\t\t\t<div class=\"swiper-wrapper elementor-slides\">\n\t\t\t\t\t\t\t\t\t\t<div class=\"elementor-repeater-item-68420ee swiper-slide\" role=\"group\" aria-roledescription=\"slide\"><div class=\"swiper-slide-bg\" role=\"img\"><\/div><div class=\"swiper-slide-inner\" ><div class=\"swiper-slide-contents\"><div class=\"elementor-slide-heading\">Operadores de congresos <\/div><div class=\"elementor-slide-description\">La Sostenibilidad lleg\u00f3 para quedarse, las empresas  de congresos est\u00e1n prestando cada vez m\u00e1s atenci\u00f3n al impacto ambiental en sus eventos <\/div><div  class=\"elementor-button elementor-slide-button elementor-size-sm\"> Quiero conocer m\u00e1s <\/div><\/div><\/div><\/div><div class=\"elementor-repeater-item-e345986 swiper-slide\" role=\"group\" aria-roledescription=\"slide\"><div class=\"swiper-slide-bg\" role=\"img\"><\/div><div class=\"swiper-slide-inner\" ><div class=\"swiper-slide-contents\"><div class=\"elementor-slide-heading\">\"Sembrando Esperanza<\/div><div class=\"elementor-slide-description\"> Una aventura  para  Conectar y  crear  oportunidades con las  comunidades  a    trav\u00e9s  de  actividades  de agricultura  organ\u00edca \n<\/div><div  class=\"elementor-button elementor-slide-button elementor-size-sm\">Contribuye con la seguridad alimentaria  <\/div><\/div><\/div><\/div>\t\t\t\t<\/div>\n\t\t\t\t\t\t\t\t\t\t\t\t\t\t\t<div class=\"elementor-swiper-button elementor-swiper-button-prev\" role=\"button\" tabindex=\"0\" aria-label=\"Previous slide\">\n\t\t\t\t\t\t\t<i aria-hidden=\"true\" class=\"eicon-chevron-left\"><\/i>\t\t\t\t\t\t<\/div>\n\t\t\t\t\t\t<div class=\"elementor-swiper-button elementor-swiper-button-next\" role=\"button\" tabindex=\"0\" aria-label=\"Next slide\">\n\t\t\t\t\t\t\t<i aria-hidden=\"true\" class=\"eicon-chevron-right\"><\/i>\t\t\t\t\t\t<\/div>\n\t\t\t\t\t\t\t\t\t\t\t\t\t\t\t\t<div class=\"swiper-pagination\"><\/div>\n\t\t\t\t\t\t\t\t\t\t\t\t<\/div>\n\t\t\t\t<\/div>\n\t\t\t\t\t\t\t\t<\/div>\n\t\t\t\t<\/div>\n\t\t\t\t\t<\/div>\n\t\t<\/div>\n\t\t\t\t\t<\/div>\n\t\t<\/section>\n\t\t\t\t<\/div>\n\t\t","protected":false},"excerpt":{"rendered":"<p>En Construcci\u00f3n&#8230; \u00bfSabes que plantando un \u00e1rbol, puedes frenar la escases del agua y compensas tu huella de carbono? Quiero [&hellip;]<\/p>\n","protected":false},"author":1,"featured_media":0,"parent":0,"menu_order":0,"comment_status":"closed","ping_status":"closed","template":"","meta":{"site-sidebar-layout":"default","site-content-layout":"","ast-site-content-layout":"default","site-content-style":"default","site-sidebar-style":"default","ast-global-header-display":"","ast-banner-title-visibility":"","ast-main-header-display":"","ast-hfb-above-header-display":"","ast-hfb-below-header-display":"","ast-hfb-mobile-header-display":"","site-post-title":"","ast-breadcrumbs-content":"","ast-featured-img":"","footer-sml-layout":"","ast-disable-related-posts":"","theme-transparent-header-meta":"","adv-header-id-meta":"","stick-header-meta":"","header-above-stick-meta":"","header-main-stick-meta":"","header-below-stick-meta":"","astra-migrate-meta-layouts":"default","ast-page-background-enabled":"default","ast-page-background-meta":{"desktop":{"background-color":"var(--ast-global-color-5)","background-image":"","background-repeat":"repeat","background-position":"center center","background-size":"auto","background-attachment":"scroll","background-type":"","background-media":"","overlay-type":"","overlay-color":"","overlay-opacity":"","overlay-gradient":""},"tablet":{"background-color":"","background-image":"","background-repeat":"repeat","background-position":"center center","background-size":"auto","background-attachment":"scroll","background-type":"","background-media":"","overlay-type":"","overlay-color":"","overlay-opacity":"","overlay-gradient":""},"mobile":{"background-color":"","background-image":"","background-repeat":"repeat","background-position":"center center","background-size":"auto","background-attachment":"scroll","background-type":"","background-media":"","overlay-type":"","overlay-color":"","overlay-opacity":"","overlay-gradient":""}},"ast-content-background-meta":{"desktop":{"background-color":"var(--ast-global-color-4)","background-image":"","background-repeat":"repeat","background-position":"center center","background-size":"auto","background-attachment":"scroll","background-type":"","background-media":"","overlay-type":"","overlay-color":"","overlay-opacity":"","overlay-gradient":""},"tablet":{"background-color":"var(--ast-global-color-4)","background-image":"","background-repeat":"repeat","background-position":"center center","background-size":"auto","background-attachment":"scroll","background-type":"","background-media":"","overlay-type":"","overlay-color":"","overlay-opacity":"","overlay-gradient":""},"mobile":{"background-color":"var(--ast-global-color-4)","background-image":"","background-repeat":"repeat","background-position":"center center","background-size":"auto","background-attachment":"scroll","background-type":"","background-media":"","overlay-type":"","overlay-color":"","overlay-opacity":"","overlay-gradient":""}},"footnotes":""},"class_list":["post-423","page","type-page","status-publish","hentry"],"yoast_head":"<!-- This site is optimized with the Yoast SEO plugin v27.3 - https:\/\/yoast.com\/product\/yoast-seo-wordpress\/ -->\n<title>Siembra de arboles - En los OjOs del anteoJos<\/title>\n<meta name=\"robots\" content=\"index, follow, max-snippet:-1, max-image-preview:large, max-video-preview:-1\" \/>\n<link rel=\"canonical\" href=\"https:\/\/enlosojosdelanteojos.com\/index.php\/home-pagina-de-inicio\/\" \/>\n<meta property=\"og:locale\" content=\"es_ES\" \/>\n<meta property=\"og:type\" content=\"article\" \/>\n<meta property=\"og:title\" content=\"Siembra de arboles - En los OjOs del anteoJos\" \/>\n<meta property=\"og:description\" content=\"En Construcci\u00f3n&#8230; \u00bfSabes que plantando un \u00e1rbol, puedes frenar la escases del agua y compensas tu huella de carbono? Quiero [&hellip;]\" \/>\n<meta property=\"og:url\" content=\"https:\/\/enlosojosdelanteojos.com\/index.php\/home-pagina-de-inicio\/\" \/>\n<meta property=\"og:site_name\" content=\"En los OjOs del anteoJos\" \/>\n<meta property=\"article:modified_time\" content=\"2025-06-12T22:25:14+00:00\" \/>\n<meta property=\"og:image\" content=\"https:\/\/enlosojosdelanteojos.com\/wp-content\/uploads\/2023\/10\/WhatsApp-Image-2023-10-23-at-4.59.18-PM-1.jpeg\" \/>\n\t<meta property=\"og:image:width\" content=\"900\" \/>\n\t<meta property=\"og:image:height\" content=\"1600\" \/>\n\t<meta property=\"og:image:type\" content=\"image\/jpeg\" \/>\n<meta name=\"twitter:card\" content=\"summary_large_image\" \/>\n<meta name=\"twitter:label1\" content=\"Tiempo de lectura\" \/>\n\t<meta name=\"twitter:data1\" content=\"1 minuto\" \/>\n<script type=\"application\/ld+json\" class=\"yoast-schema-graph\">{\"@context\":\"https:\\\/\\\/schema.org\",\"@graph\":[{\"@type\":\"WebPage\",\"@id\":\"https:\\\/\\\/enlosojosdelanteojos.com\\\/index.php\\\/home-pagina-de-inicio\\\/\",\"url\":\"https:\\\/\\\/enlosojosdelanteojos.com\\\/index.php\\\/home-pagina-de-inicio\\\/\",\"name\":\"Siembra de arboles - En los OjOs del anteoJos\",\"isPartOf\":{\"@id\":\"https:\\\/\\\/enlosojosdelanteojos.com\\\/#website\"},\"primaryImageOfPage\":{\"@id\":\"https:\\\/\\\/enlosojosdelanteojos.com\\\/index.php\\\/home-pagina-de-inicio\\\/#primaryimage\"},\"image\":{\"@id\":\"https:\\\/\\\/enlosojosdelanteojos.com\\\/index.php\\\/home-pagina-de-inicio\\\/#primaryimage\"},\"thumbnailUrl\":\"https:\\\/\\\/enlosojosdelanteojos.com\\\/wp-content\\\/uploads\\\/2023\\\/10\\\/WhatsApp-Image-2023-10-23-at-4.59.18-PM-1-576x1024.jpeg\",\"datePublished\":\"2024-11-11T15:49:31+00:00\",\"dateModified\":\"2025-06-12T22:25:14+00:00\",\"breadcrumb\":{\"@id\":\"https:\\\/\\\/enlosojosdelanteojos.com\\\/index.php\\\/home-pagina-de-inicio\\\/#breadcrumb\"},\"inLanguage\":\"es-CO\",\"potentialAction\":[{\"@type\":\"ReadAction\",\"target\":[\"https:\\\/\\\/enlosojosdelanteojos.com\\\/index.php\\\/home-pagina-de-inicio\\\/\"]}]},{\"@type\":\"ImageObject\",\"inLanguage\":\"es-CO\",\"@id\":\"https:\\\/\\\/enlosojosdelanteojos.com\\\/index.php\\\/home-pagina-de-inicio\\\/#primaryimage\",\"url\":\"https:\\\/\\\/enlosojosdelanteojos.com\\\/wp-content\\\/uploads\\\/2023\\\/10\\\/WhatsApp-Image-2023-10-23-at-4.59.18-PM-1.jpeg\",\"contentUrl\":\"https:\\\/\\\/enlosojosdelanteojos.com\\\/wp-content\\\/uploads\\\/2023\\\/10\\\/WhatsApp-Image-2023-10-23-at-4.59.18-PM-1.jpeg\",\"width\":900,\"height\":1600},{\"@type\":\"BreadcrumbList\",\"@id\":\"https:\\\/\\\/enlosojosdelanteojos.com\\\/index.php\\\/home-pagina-de-inicio\\\/#breadcrumb\",\"itemListElement\":[{\"@type\":\"ListItem\",\"position\":1,\"name\":\"Inicio\",\"item\":\"https:\\\/\\\/enlosojosdelanteojos.com\\\/\"},{\"@type\":\"ListItem\",\"position\":2,\"name\":\"Siembra de arboles\"}]},{\"@type\":\"WebSite\",\"@id\":\"https:\\\/\\\/enlosojosdelanteojos.com\\\/#website\",\"url\":\"https:\\\/\\\/enlosojosdelanteojos.com\\\/\",\"name\":\"En los OjOs del anteoJos\",\"description\":\"En los OjOs del anteoJos\",\"potentialAction\":[{\"@type\":\"SearchAction\",\"target\":{\"@type\":\"EntryPoint\",\"urlTemplate\":\"https:\\\/\\\/enlosojosdelanteojos.com\\\/?s={search_term_string}\"},\"query-input\":{\"@type\":\"PropertyValueSpecification\",\"valueRequired\":true,\"valueName\":\"search_term_string\"}}],\"inLanguage\":\"es-CO\"}]}<\/script>\n<!-- \/ Yoast SEO plugin. -->","yoast_head_json":{"title":"Siembra de arboles - En los OjOs del anteoJos","robots":{"index":"index","follow":"follow","max-snippet":"max-snippet:-1","max-image-preview":"max-image-preview:large","max-video-preview":"max-video-preview:-1"},"canonical":"https:\/\/enlosojosdelanteojos.com\/index.php\/home-pagina-de-inicio\/","og_locale":"es_ES","og_type":"article","og_title":"Siembra de arboles - En los OjOs del anteoJos","og_description":"En Construcci\u00f3n&#8230; \u00bfSabes que plantando un \u00e1rbol, puedes frenar la escases del agua y compensas tu huella de carbono? Quiero [&hellip;]","og_url":"https:\/\/enlosojosdelanteojos.com\/index.php\/home-pagina-de-inicio\/","og_site_name":"En los OjOs del anteoJos","article_modified_time":"2025-06-12T22:25:14+00:00","og_image":[{"width":900,"height":1600,"url":"https:\/\/enlosojosdelanteojos.com\/wp-content\/uploads\/2023\/10\/WhatsApp-Image-2023-10-23-at-4.59.18-PM-1.jpeg","type":"image\/jpeg"}],"twitter_card":"summary_large_image","twitter_misc":{"Tiempo de lectura":"1 minuto"},"schema":{"@context":"https:\/\/schema.org","@graph":[{"@type":"WebPage","@id":"https:\/\/enlosojosdelanteojos.com\/index.php\/home-pagina-de-inicio\/","url":"https:\/\/enlosojosdelanteojos.com\/index.php\/home-pagina-de-inicio\/","name":"Siembra de arboles - En los OjOs del anteoJos","isPartOf":{"@id":"https:\/\/enlosojosdelanteojos.com\/#website"},"primaryImageOfPage":{"@id":"https:\/\/enlosojosdelanteojos.com\/index.php\/home-pagina-de-inicio\/#primaryimage"},"image":{"@id":"https:\/\/enlosojosdelanteojos.com\/index.php\/home-pagina-de-inicio\/#primaryimage"},"thumbnailUrl":"https:\/\/enlosojosdelanteojos.com\/wp-content\/uploads\/2023\/10\/WhatsApp-Image-2023-10-23-at-4.59.18-PM-1-576x1024.jpeg","datePublished":"2024-11-11T15:49:31+00:00","dateModified":"2025-06-12T22:25:14+00:00","breadcrumb":{"@id":"https:\/\/enlosojosdelanteojos.com\/index.php\/home-pagina-de-inicio\/#breadcrumb"},"inLanguage":"es-CO","potentialAction":[{"@type":"ReadAction","target":["https:\/\/enlosojosdelanteojos.com\/index.php\/home-pagina-de-inicio\/"]}]},{"@type":"ImageObject","inLanguage":"es-CO","@id":"https:\/\/enlosojosdelanteojos.com\/index.php\/home-pagina-de-inicio\/#primaryimage","url":"https:\/\/enlosojosdelanteojos.com\/wp-content\/uploads\/2023\/10\/WhatsApp-Image-2023-10-23-at-4.59.18-PM-1.jpeg","contentUrl":"https:\/\/enlosojosdelanteojos.com\/wp-content\/uploads\/2023\/10\/WhatsApp-Image-2023-10-23-at-4.59.18-PM-1.jpeg","width":900,"height":1600},{"@type":"BreadcrumbList","@id":"https:\/\/enlosojosdelanteojos.com\/index.php\/home-pagina-de-inicio\/#breadcrumb","itemListElement":[{"@type":"ListItem","position":1,"name":"Inicio","item":"https:\/\/enlosojosdelanteojos.com\/"},{"@type":"ListItem","position":2,"name":"Siembra de arboles"}]},{"@type":"WebSite","@id":"https:\/\/enlosojosdelanteojos.com\/#website","url":"https:\/\/enlosojosdelanteojos.com\/","name":"En los OjOs del anteoJos","description":"En los OjOs del anteoJos","potentialAction":[{"@type":"SearchAction","target":{"@type":"EntryPoint","urlTemplate":"https:\/\/enlosojosdelanteojos.com\/?s={search_term_string}"},"query-input":{"@type":"PropertyValueSpecification","valueRequired":true,"valueName":"search_term_string"}}],"inLanguage":"es-CO"}]}},"_links":{"self":[{"href":"https:\/\/enlosojosdelanteojos.com\/index.php\/wp-json\/wp\/v2\/pages\/423","targetHints":{"allow":["GET"]}}],"collection":[{"href":"https:\/\/enlosojosdelanteojos.com\/index.php\/wp-json\/wp\/v2\/pages"}],"about":[{"href":"https:\/\/enlosojosdelanteojos.com\/index.php\/wp-json\/wp\/v2\/types\/page"}],"author":[{"embeddable":true,"href":"https:\/\/enlosojosdelanteojos.com\/index.php\/wp-json\/wp\/v2\/users\/1"}],"replies":[{"embeddable":true,"href":"https:\/\/enlosojosdelanteojos.com\/index.php\/wp-json\/wp\/v2\/comments?post=423"}],"version-history":[{"count":17,"href":"https:\/\/enlosojosdelanteojos.com\/index.php\/wp-json\/wp\/v2\/pages\/423\/revisions"}],"predecessor-version":[{"id":538,"href":"https:\/\/enlosojosdelanteojos.com\/index.php\/wp-json\/wp\/v2\/pages\/423\/revisions\/538"}],"wp:attachment":[{"href":"https:\/\/enlosojosdelanteojos.com\/index.php\/wp-json\/wp\/v2\/media?parent=423"}],"curies":[{"name":"wp","href":"https:\/\/api.w.org\/{rel}","templated":true}]}}